{"id":544,"date":"2009-01-12T15:25:13","date_gmt":"2009-01-12T13:25:13","guid":{"rendered":"http:\/\/www.godlaya.de\/?page_id=544"},"modified":"2011-11-18T15:05:41","modified_gmt":"2011-11-18T14:05:41","slug":"impressum","status":"publish","type":"page","link":"http:\/\/www.godlaya.de\/?page_id=544","title":{"rendered":"Impressum &#038; Datenschutz"},"content":{"rendered":"<p>Verantwortlich f\u00c3\u00bcr den Auftritt im Sinne des TDG:<\/p>\n<p>Kai Schneider<br \/>\nAm Deimelberg 5<br \/>\nD 54295 Trier<\/p>\n<p>Umsatzsteuer\u00e2\u20ac\u201cIdentifikationsnummer gem\u00c3\u00a4\u00c3\u0178 \u00c2\u00a7 27a Umsatzsteuergesetz: keine, da Privatperson<\/p>\n<p>E-Mail: blog (at) godlaya.de<br \/>\nURL: http:\/\/www.godlaya.de<\/p>\n<h1>1. Haftungsbeschr\u00c3\u00a4nkung<\/h1>\n<p>Die Inhalte dieser Website werden mit gr\u00c3\u00b6\u00c3\u0178tm\u00c3\u00b6glicher Sorgfalt erstellt. Der Anbieter \u00c3\u00bcbernimmt jedoch keine Gew\u00c3\u00a4hr f\u00c3\u00bcr die Richtigkeit, Vollst\u00c3\u00a4ndigkeit und Aktualit\u00c3\u00a4t der bereitgestellten Inhalte. Die Nutzung der Inhalte der Website erfolgt auf eigene Gefahr des Nutzers. Namentlich gekennzeichnete Beitr\u00c3\u00a4ge geben die Meinung des jeweiligen Autors und nicht immer die Meinung des Anbieters wieder. Mit der reinen Nutzung der Website des Anbieters kommt keinerlei Vertragsverh\u00c3\u00a4ltnis zwischen dem Nutzer und dem Anbieter zustande.<\/p>\n<h1>2. Externe Links<\/h1>\n<p>Diese Website enth\u00c3\u00a4lt Verkn\u00c3\u00bcpfungen zu Websites Dritter (&#8222;externe Links&#8220;). Diese Websites unterliegen der Haftung der jeweiligen Betreiber. Der Anbieter hat bei der erstmaligen Verkn\u00c3\u00bcpfung der externen Links die fremden Inhalte daraufhin \u00c3\u00bcberpr\u00c3\u00bcft, ob etwaigeRechtsverst\u00c3\u00b6\u00c3\u0178e bestehen. Zu dem Zeitpunkt waren keine Rechtsverst\u00c3\u00b6\u00c3\u0178e ersichtlich. Der Anbieter hat keinerlei Einfluss auf die aktuelle und zuk\u00c3\u00bcnftige Gestaltung und auf die Inhalte der verkn\u00c3\u00bcpften Seiten. Das Setzen von externen Links bedeutet nicht,\tdass sich der Anbieter die hinter dem Verweis oder Link liegenden Inhalte zu Eigen macht. Eine st\u00c3\u00a4ndige Kontrolle dieser externen\tLinks ist f\u00c3\u00bcr den Anbieter ohne konkrete Hinweise auf Rechtsverst\u00c3\u00b6\u00c3\u0178e nicht zumutbar. Bei Kenntnis von Rechtsverst\u00c3\u00b6\u00c3\u0178en werden jedoch derartige externe Links unverz\u00c3\u00bcglich gel\u00c3\u00b6scht.<\/p>\n<h1>3. Urheber- und Leistungsschutzrechte<\/h1>\n<p>Die auf dieser Website ver\u00c3\u00b6ffentlichten Inhalte unterliegen dem deutschen Urheber- und Leistungsschutzrecht. Jede vom deutschen Urheber- und Leistungsschutzrecht nicht zugelassene Verwertung bedarf der vorherigen schriftlichen Zustimmung des Anbieters oder jeweiligen Rechteinhabers. Dies gilt insbesondere f\u00c3\u00bcr Vervielf\u00c3\u00a4ltigung, Bearbeitung, \u00c3\u0153bersetzung, Einspeicherung, Verarbeitung bzw. Wiedergabe von Inhalten in Datenbanken oder anderen elektronischen Medien und Systemen. Inhalte und Rechte Dritter sind dabei als solche gekennzeichnet. Die unerlaubte Vervielf\u00c3\u00a4ltigung oder Weitergabe einzelner Inhalte oder kompletter Seiten ist nicht gestattet und strafbar. Lediglich die Herstellung von Kopien und Downloads f\u00c3\u00bcr den pers\u00c3\u00b6nlichen, privaten und nicht kommerziellen Gebrauch ist erlaubt.<\/p>\n<p>Die Darstellung dieser Website in fremden Frames ist nur mit schriftlicher Erlaubnis zul\u00c3\u00a4ssig.<\/p>\n<h1>4. Besondere Nutzungsbedingungen<\/h1>\n<p>Soweit besondere Bedingungen f\u00c3\u00bcr einzelne Nutzungen dieser Website von den vorgenannten Nummern 1. bis 4. abweichen, wird an entsprechender Stelle ausdr\u00c3\u00bccklich darauf hingewiesen. In diesem Falle gelten im jeweiligen Einzelfall die besonderen Nutzungsbedingungen.<\/p>\n<h1>Datenschutzerkl\u00c3\u00a4rung \/ Hinweise zum Datenschutz<\/h1>\n<p>Mit den nachfolgenden Hinweisen informieren wir \u00c3\u00bcber Zweck, Art und Umfang der Erhebung, Verarbeitung und Nutzung personenbezogener Daten auf unserer Webseite. Die nachfolgenden Hinweise beziehen sich vorrangig auf die Erhebung, Verarbeitung und Speicherung von personenbezogenen Daten durch unseren Web-Server. Beachten Sie bitte, dass es ggf. weitere Hinweise f\u00c3\u00bcr registrierte Nutzer in unseren Nutzungsbedingungen gibt.<\/p>\n<p>Personenbezogene Daten sind Einzelangaben \u00c3\u00bcber pers\u00c3\u00b6nliche und sachliche Verh\u00c3\u00a4ltnisse einer bestimmten oder bestimmbaren nat\u00c3\u00bcrlichen Person.<\/p>\n<p>Beim Besuch unserer Internetseiten werden Daten erhoben, verarbeitet und genutzt, bei denen ein Personenbezug nicht immer ausgeschlossen werden kann. Damit die Seiten in Ihrem Browser dargestellt werden k\u00c3\u00b6nnen, muss die IP-Adresse erhoben und gespeichert werden. In der Regel wird eine IP-Adresse derzeit durch Ihren Provider dynamisch vergeben. Diese Adresse wechselt meist regelm\u00c3\u00a4\u00c3\u0178ig, so dass wir aus der IP-Adresse keinen Personenbezug herstellen k\u00c3\u00b6nnen. Bei statischen IP-Adressen w\u00c3\u00a4re jedoch in Einzelf\u00c3\u00a4llen ggf. die Herstellung eines Personenbezuges theoretisch m\u00c3\u00b6glich.<\/p>\n<p>Im einzelnen wird \u00c3\u00bcber jeden Abruf folgender Datensatz gespeichert:<\/p>\n<ul>\n<li>IP-Adresse des aufrufenden Rechners<\/li>\n<li>Betriebssystem des aufrufenden Rechners<\/li>\n<li>Browser Version des aufrufenden Rechners<\/li>\n<li>Name der abgerufenen Datei<\/li>\n<li>Datum und Uhrzeit des Abrufs<\/li>\n<li>\u00c3\u00bcbertragene Datenmenge<\/li>\n<li>Verweisende URL<\/li>\n<\/ul>\n<p>Die gespeicherten Daten werden nur zu statistischen Zwecken und nicht zur Herstellung eines konkreten Personenbezuges ausgewertet. Die Daten werden ferner ggf. genutzt, um die Fehlerbeseitigung zu erm\u00c3\u00b6glichen. IP-Adressen werden sp\u00c3\u00a4testens nach 72 Stunden gel\u00c3\u00b6scht.<\/p>\n<h1>Cookies<\/h1>\n<p>Wir setzen auf unserer Internetseite sogenannte Cookies ein. Cookies sind kleine Textinformationen, die auf Ihrer Festplatte gespeichert werden. Die Cookies sind erforderlich, um bestimmte Funktionen des Dienstes zu erm\u00c3\u00b6glichen. Sie haben die M\u00c3\u00b6glichkeit, das Setzen von Cookies durch entsprechende Einstellungen in Ihrem Browser zu unterbinden. Wir weisen jedoch darauf hin, dass die Nutzung unserer Internetseiten dann ggf. nur eingeschr\u00c3\u00a4nkt m\u00c3\u00b6glich ist. Durch Cookies werden keine Programme oder sonstige Applikationen auf Ihrem Rechner installiert oder gestartet.<\/p>\n<h1>Betroffenenrechte<\/h1>\n<p>Wenn Sie Fragen zum Datenschutz haben oder Ihre Betroffenenrechte geltend machen wollen, dann k\u00c3\u00b6nnen Sie sich gern an die im Impressum angegebene Kontaktadresse wenden. <\/p>\n<h1>\u00c3\u201enderung dieser Bestimmungen<\/h1>\n<p>Bei einer \u00c3\u201enderung gesetzlicher Vorschriften oder unseres Dienstes kann eine Anpassung dieser Datenschutzerkl\u00c3\u00a4rung erforderlich werden. Die jeweils aktuelle Fassung der Datenschutzbestimmungen kann jederzeit auf unter dem Link Datenschutz eingesehen werden. <\/p>\n","protected":false},"excerpt":{"rendered":"<p>Verantwortlich f\u00c3\u00bcr den Auftritt im Sinne des TDG: Kai Schneider Am Deimelberg 5 D 54295 Trier Umsatzsteuer\u00e2\u20ac\u201cIdentifikationsnummer gem\u00c3\u00a4\u00c3\u0178 \u00c2\u00a7 27a Umsatzsteuergesetz: keine, da Privatperson E-Mail: blog (at) godlaya.de URL: http:\/\/www.godlaya.de 1. Haftungsbeschr\u00c3\u00a4nkung Die Inhalte dieser Website werden mit gr\u00c3\u00b6\u00c3\u0178tm\u00c3\u00b6glicher Sorgfalt erstellt. Der Anbieter \u00c3\u00bcbernimmt jedoch keine Gew\u00c3\u00a4hr f\u00c3\u00bcr die Richtigkeit, Vollst\u00c3\u00a4ndigkeit und Aktualit\u00c3\u00a4t der bereitgestellten Inhalte. Die Nutzung der Inhalte&#8230;<br \/><a class=\"read-more-button\" href=\"http:\/\/www.godlaya.de\/?page_id=544\">Mehr Lesen<\/a><\/p>\n","protected":false},"author":2,"featured_media":0,"parent":0,"menu_order":40,"comment_status":"closed","ping_status":"closed","template":"","meta":[],"jetpack_shortlink":"https:\/\/wp.me\/PkIG3-8M","jetpack_sharing_enabled":true,"_links":{"self":[{"href":"http:\/\/www.godlaya.de\/index.php?rest_route=\/wp\/v2\/pages\/544"}],"collection":[{"href":"http:\/\/www.godlaya.de\/index.php?rest_route=\/wp\/v2\/pages"}],"about":[{"href":"http:\/\/www.godlaya.de\/index.php?rest_route=\/wp\/v2\/types\/page"}],"author":[{"embeddable":true,"href":"http:\/\/www.godlaya.de\/index.php?rest_route=\/wp\/v2\/users\/2"}],"replies":[{"embeddable":true,"href":"http:\/\/www.godlaya.de\/index.php?rest_route=%2Fwp%2Fv2%2Fcomments&post=544"}],"version-history":[{"count":28,"href":"http:\/\/www.godlaya.de\/index.php?rest_route=\/wp\/v2\/pages\/544\/revisions"}],"predecessor-version":[{"id":2072,"href":"http:\/\/www.godlaya.de\/index.php?rest_route=\/wp\/v2\/pages\/544\/revisions\/2072"}],"wp:attachment":[{"href":"http:\/\/www.godlaya.de\/index.php?rest_route=%2Fwp%2Fv2%2Fmedia&parent=544"}],"curies":[{"name":"wp","href":"https:\/\/api.w.org\/{rel}","templated":true}]}}